{"id":41,"date":"2023-03-14T18:03:48","date_gmt":"2023-03-14T17:03:48","guid":{"rendered":"https:\/\/www.einfach-losgehen.at\/?page_id=41"},"modified":"2023-03-15T15:32:46","modified_gmt":"2023-03-15T14:32:46","slug":"projekt-details","status":"publish","type":"page","link":"https:\/\/www.einfach-losgehen.at\/?page_id=41","title":{"rendered":"HOWTO"},"content":{"rendered":"\n<div class=\"wp-block-cover alignfull\" style=\"min-height:320px;aspect-ratio:unset;\"><span aria-hidden=\"true\" class=\"wp-block-cover__background has-nv-site-bg-background-color has-background-dim-100 has-background-dim\"><\/span><div class=\"wp-block-cover__inner-container is-layout-flow wp-block-cover-is-layout-flow\">\n<div class=\"wp-block-group\"><div class=\"wp-block-group__inner-container is-layout-flow wp-block-group-is-layout-flow\">\n<div class=\"wp-block-columns are-vertically-aligned-center is-layout-flex wp-container-core-columns-is-layout-9d6595d7 wp-block-columns-is-layout-flex\">\n<div class=\"wp-block-column is-vertically-aligned-center is-layout-flow wp-block-column-is-layout-flow\" style=\"flex-basis:70%\">\n<h1 class=\"has-text-align-left has-neve-text-color-color has-text-color wp-block-heading\">Wie funktioniert Mentaltraining&#8230;<\/h1>\n\n\n\n<p class=\"has-neve-text-color-color has-text-color\" style=\"font-size:22px\">Gl\u00fccklich sein wie ein Kind. Klar geht das! Den Partner finden, der wirklich zu einem passt, der Job den man liebt, das Gehalt das man verdient. Schub f\u00fcr Ideen, die man umsetzen m\u00f6chte, Selbstvertrauen und Freude!<\/p>\n<\/div>\n\n\n\n<div class=\"wp-block-column is-vertically-aligned-center is-layout-flow wp-block-column-is-layout-flow\" style=\"flex-basis:30%\"><\/div>\n<\/div>\n<\/div><\/div>\n<\/div><\/div>\n\n\n\n<div class=\"wp-block-cover alignfull is-light\" style=\"min-height:600px;aspect-ratio:unset;\"><span aria-hidden=\"true\" class=\"wp-block-cover__background has-nv-light-bg-background-color has-background-dim\"><\/span><img decoding=\"async\" class=\"wp-block-cover__image-background\" alt=\"\" src=\"blob:https:\/\/www.einfach-losgehen.at\/62a5b788-f397-426b-8bfa-319b8a70e3a3\" data-object-fit=\"cover\"\/><div class=\"wp-block-cover__inner-container is-layout-flow wp-block-cover-is-layout-flow\">\n<p class=\"has-nv-dark-bg-color has-text-color\">In unserem Leben ist eigentlich immer alles da. Wir sehen es nur oft nicht. Wir denken an gewisse Dinge und auf diese richtet sich unsere Wahrnehmung aus. In der Umwelt gibt es so viele Reize und Eindr\u00fccke, es w\u00fcrde uns erschlagen, w\u00fcrden wir alles exakt wahrnehmen. Jeder kennt das. Du willst ein silbernes Auto einer bestimmten Marke kaufen und pl\u00f6tzlich siehst Du dieses Auto \u00fcberall. Du willst ein Kind und \u00fcberall fahren pl\u00f6tzlich Eltern ihre Kinderw\u00e4gen durch die Gegend. Du bist single und suchst einen Partner und gerade jetzt siehst Du \u00fcberall nur Paare. Dein Fokus geht dorthin wohin Deine Energie fliest. &#8222;Ich denke lieber schlechter, denn dann bin nicht nicht entt\u00e4uscht wenn es schlecht kommt.&#8220; Jeder kennt das. Wir machen uns viel kleiner als wir sind und wundern uns wenn genau das dabei herauskommt, was wir uns einreden. Und wenn es dann so ist, dann haben wir es immer schon gewusst. Die selbsterf\u00fcllende Prophezeiung.<\/p>\n\n\n\n<p class=\"has-nv-dark-bg-color has-text-color\">Du hast ca. 60.000 Gedanken am Tag. Und was Du denkst hast Du selber in der Hand. Du hast jetzt jahrelang so gedacht und das richtig gut einge\u00fcbt. Und wir machen gerne Dinge, die wir schon k\u00f6nnen. Das ist einfach, das kennen wir, da f\u00fchlen wir uns sicher. Wenn Du immer das gleiche tust, kommt immer das gleiche dabei heraus.<\/p>\n\n\n\n<p class=\"has-nv-dark-bg-color has-text-color\">Mentaltraining zeigt Dir einfache Techniken wie Du lernst anders zu denken. Das ist ganz einfach und ben\u00f6tigt nur etwas Wiederholung und \u00dcbung. Training. Und dann \u00e4ndert sich alles. Pl\u00f6tzlich fallen Dir die Menschen in Deinem Umfeld auf, die Dir helfen, Deine Ziele zu erreichen. Pl\u00f6tzlich kommt ein Zufall nach dem anderen. Deshalb hei\u00dft es Zufall: es f\u00e4llt Dir zu. <\/p>\n\n\n\n<p class=\"has-nv-dark-bg-color has-text-color\">Im Sport wurde als erstes erkannt welche Kraft die Gedanken haben. Eishockeyspieler spielen im Kopf durch wie sie ein Tor schie\u00dfen und jubeln. Skifahrer \u00fcben sich in mentaler St\u00e4rke, dass sie nichts ersch\u00fcttern kann, Tennisspieler lernen alles um sich herum auszublenden um den n\u00e4chsten wichtigen Punkt zu erreichen.<\/p>\n\n\n\n<p class=\"has-nv-dark-bg-color has-text-color\">Du kennst das. Es gibt Menschen, die immer das bekommen was sie wollen. Und Du nicht. Diese Menschen wissen, was sie wollen, glauben an sich und sind \u00fcberzeugt davon, das zu erreichen, was sie sich w\u00fcnschen. Das ist der Unterschied. <\/p>\n\n\n\n<div class=\"wp-block-group\"><div class=\"wp-block-group__inner-container is-layout-flow wp-block-group-is-layout-flow\">\n<div class=\"wp-block-columns is-layout-flex wp-container-core-columns-is-layout-9d6595d7 wp-block-columns-is-layout-flex\">\n<div class=\"wp-block-column is-layout-flow wp-block-column-is-layout-flow\" style=\"flex-basis:66.79%\">\n<figure class=\"wp-block-image size-full\"><img loading=\"lazy\" decoding=\"async\" width=\"599\" height=\"599\" src=\"https:\/\/www.einfach-losgehen.at\/wp-content\/uploads\/2023\/03\/37749783-E736-4D16-9994-029E90DBC6F1_1_105_c-e1678879065151.jpeg\" alt=\"\" class=\"wp-image-135\" srcset=\"https:\/\/www.einfach-losgehen.at\/wp-content\/uploads\/2023\/03\/37749783-E736-4D16-9994-029E90DBC6F1_1_105_c-e1678879065151.jpeg 599w, https:\/\/www.einfach-losgehen.at\/wp-content\/uploads\/2023\/03\/37749783-E736-4D16-9994-029E90DBC6F1_1_105_c-e1678879065151-300x300.jpeg 300w, https:\/\/www.einfach-losgehen.at\/wp-content\/uploads\/2023\/03\/37749783-E736-4D16-9994-029E90DBC6F1_1_105_c-e1678879065151-150x150.jpeg 150w\" sizes=\"auto, (max-width: 599px) 100vw, 599px\" \/><\/figure>\n\n\n\n<div style=\"height:40px\" aria-hidden=\"true\" class=\"wp-block-spacer\"><\/div>\n<\/div>\n\n\n\n<div class=\"wp-block-column is-layout-flow wp-block-column-is-layout-flow\" style=\"flex-basis:34%\">\n<p class=\"has-neve-text-color-color has-text-color\">Starte mit Mentaltraining JETZT<\/p>\n\n\n\n<div class=\"wp-block-buttons is-layout-flex wp-block-buttons-is-layout-flex\">\n<div class=\"wp-block-button is-style-primary\"><a class=\"wp-block-button__link wp-element-button\" href=\"https:\/\/www.einfach-losgehen.at\/?page_id=39\">ICH WILL LOSGEHEN<\/a><\/div>\n<\/div>\n\n\n\n<hr class=\"wp-block-separator has-css-opacity is-style-wide\"\/>\n\n\n<div class=\"wp-block-image is-style-rounded\">\n<figure class=\"aligncenter size-full is-resized\"><img decoding=\"async\" src=\"https:\/\/www.einfach-losgehen.at\/wp-content\/uploads\/2023\/03\/D8AF2504-C26D-45D8-8967-1A77587D9D7D_1_201_a-e1678871108641.jpeg\" alt=\"\" class=\"wp-image-90\" width=\"80\" srcset=\"https:\/\/www.einfach-losgehen.at\/wp-content\/uploads\/2023\/03\/D8AF2504-C26D-45D8-8967-1A77587D9D7D_1_201_a-e1678871108641.jpeg 400w, https:\/\/www.einfach-losgehen.at\/wp-content\/uploads\/2023\/03\/D8AF2504-C26D-45D8-8967-1A77587D9D7D_1_201_a-e1678871108641-300x300.jpeg 300w, https:\/\/www.einfach-losgehen.at\/wp-content\/uploads\/2023\/03\/D8AF2504-C26D-45D8-8967-1A77587D9D7D_1_201_a-e1678871108641-150x150.jpeg 150w\" sizes=\"(max-width: 400px) 100vw, 400px\" \/><\/figure>\n<\/div>\n\n\n<p><\/p>\n\n\n\n<p class=\"has-text-align-center has-neve-text-color-color has-text-color\">\u201cWenn Du in Dein Navi kein exaktes Ziel eingibst, wo leitet es Dich dann hin?\u201d<\/p>\n<\/div>\n<\/div>\n\n\n\n<div style=\"height:40px\" aria-hidden=\"true\" class=\"wp-block-spacer\"><\/div>\n<\/div><\/div>\n<\/div><\/div>\n\n\n\n<div class=\"wp-block-cover alignfull\" style=\"min-height:300px;aspect-ratio:unset;\"><span aria-hidden=\"true\" class=\"wp-block-cover__background has-nv-dark-bg-background-color has-background-dim-100 has-background-dim\"><\/span><div class=\"wp-block-cover__inner-container is-layout-flow wp-block-cover-is-layout-flow\">\n<div style=\"height:140px\" aria-hidden=\"true\" class=\"wp-block-spacer\"><\/div>\n\n\n\n<h2 class=\"has-text-align-center has-nv-text-dark-bg-color has-text-color wp-block-heading\">Gro\u00dfe Ziele trifft man leichter!<\/h2>\n\n\n\n<p class=\"has-text-align-center has-medium-font-size\">Einfach losgehen!<\/p>\n\n\n\n<div class=\"wp-block-buttons is-content-justification-center is-layout-flex wp-container-core-buttons-is-layout-16018d1d wp-block-buttons-is-layout-flex\">\n<div class=\"wp-block-button is-style-primary\"><a class=\"wp-block-button__link wp-element-button\" href=\"https:\/\/www.einfach-losgehen.at\/?page_id=39\">KONTAKT<\/a><\/div>\n<\/div>\n\n\n\n<div style=\"height:140px\" aria-hidden=\"true\" class=\"wp-block-spacer\"><\/div>\n<\/div><\/div>\n","protected":false},"excerpt":{"rendered":"","protected":false},"author":1,"featured_media":0,"parent":0,"menu_order":0,"comment_status":"closed","ping_status":"closed","template":"","meta":{"neve_meta_sidebar":"","neve_meta_container":"","neve_meta_enable_content_width":"on","neve_meta_content_width":100,"neve_meta_title_alignment":"","neve_meta_author_avatar":"","neve_post_elements_order":"","neve_meta_disable_header":"","neve_meta_disable_footer":"","neve_meta_disable_title":"on","_ti_tpc_template_sync":false,"_ti_tpc_template_id":"","footnotes":""},"class_list":["post-41","page","type-page","status-publish","hentry"],"_links":{"self":[{"href":"https:\/\/www.einfach-losgehen.at\/index.php?rest_route=\/wp\/v2\/pages\/41","targetHints":{"allow":["GET"]}}],"collection":[{"href":"https:\/\/www.einfach-losgehen.at\/index.php?rest_route=\/wp\/v2\/pages"}],"about":[{"href":"https:\/\/www.einfach-losgehen.at\/index.php?rest_route=\/wp\/v2\/types\/page"}],"author":[{"embeddable":true,"href":"https:\/\/www.einfach-losgehen.at\/index.php?rest_route=\/wp\/v2\/users\/1"}],"replies":[{"embeddable":true,"href":"https:\/\/www.einfach-losgehen.at\/index.php?rest_route=%2Fwp%2Fv2%2Fcomments&post=41"}],"version-history":[{"count":11,"href":"https:\/\/www.einfach-losgehen.at\/index.php?rest_route=\/wp\/v2\/pages\/41\/revisions"}],"predecessor-version":[{"id":175,"href":"https:\/\/www.einfach-losgehen.at\/index.php?rest_route=\/wp\/v2\/pages\/41\/revisions\/175"}],"wp:attachment":[{"href":"https:\/\/www.einfach-losgehen.at\/index.php?rest_route=%2Fwp%2Fv2%2Fmedia&parent=41"}],"curies":[{"name":"wp","href":"https:\/\/api.w.org\/{rel}","templated":true}]}}