{"id":38,"date":"2023-03-14T18:03:48","date_gmt":"2023-03-14T17:03:48","guid":{"rendered":"https:\/\/www.einfach-losgehen.at\/?page_id=38"},"modified":"2023-03-15T16:33:24","modified_gmt":"2023-03-15T15:33:24","slug":"ueber","status":"publish","type":"page","link":"https:\/\/www.einfach-losgehen.at\/?page_id=38","title":{"rendered":"\u00dcber mich"},"content":{"rendered":"\n<div class=\"wp-block-cover alignfull\" style=\"min-height:300px;aspect-ratio:unset;\"><span aria-hidden=\"true\" class=\"wp-block-cover__background has-nv-site-bg-background-color has-background-dim-100 has-background-dim\"><\/span><div class=\"wp-block-cover__inner-container is-layout-flow wp-block-cover-is-layout-flow\">\n<div class=\"wp-block-group\"><div class=\"wp-block-group__inner-container is-layout-flow wp-block-group-is-layout-flow\">\n<h1 class=\"has-text-align-left has-neve-text-color-color has-text-color wp-block-heading\">\u00dcber mich und uns und sowieso&#8230;<\/h1>\n<\/div><\/div>\n<\/div><\/div>\n\n\n\n<div class=\"wp-block-cover alignfull\" style=\"min-height:600px;aspect-ratio:unset;\"><span aria-hidden=\"true\" class=\"wp-block-cover__background has-nv-light-bg-background-color has-background-dim-100 has-background-dim\"><\/span><div class=\"wp-block-cover__inner-container is-layout-flow wp-block-cover-is-layout-flow\">\n<div class=\"wp-block-group\"><div class=\"wp-block-group__inner-container is-layout-flow wp-block-group-is-layout-flow\">\n<div style=\"height:80px\" aria-hidden=\"true\" class=\"wp-block-spacer\"><\/div>\n\n\n\n<div class=\"wp-block-columns are-vertically-aligned-center is-layout-flex wp-container-core-columns-is-layout-9d6595d7 wp-block-columns-is-layout-flex\">\n<div class=\"wp-block-column is-vertically-aligned-center is-layout-flow wp-block-column-is-layout-flow\" style=\"flex-basis:50%\">\n<figure class=\"wp-block-image size-full size-large\"><img loading=\"lazy\" decoding=\"async\" width=\"1024\" height=\"768\" src=\"https:\/\/www.einfach-losgehen.at\/wp-content\/uploads\/2023\/03\/7BE2034E-6333-4939-9FC8-69C8CC3DFDA8_1_105_c.jpeg\" alt=\"\" class=\"wp-image-82\" srcset=\"https:\/\/www.einfach-losgehen.at\/wp-content\/uploads\/2023\/03\/7BE2034E-6333-4939-9FC8-69C8CC3DFDA8_1_105_c.jpeg 1024w, https:\/\/www.einfach-losgehen.at\/wp-content\/uploads\/2023\/03\/7BE2034E-6333-4939-9FC8-69C8CC3DFDA8_1_105_c-300x225.jpeg 300w, https:\/\/www.einfach-losgehen.at\/wp-content\/uploads\/2023\/03\/7BE2034E-6333-4939-9FC8-69C8CC3DFDA8_1_105_c-768x576.jpeg 768w\" sizes=\"auto, (max-width: 1024px) 100vw, 1024px\" \/><\/figure>\n<\/div>\n\n\n\n<div class=\"wp-block-column is-vertically-aligned-center is-layout-flow wp-block-column-is-layout-flow\" style=\"flex-basis:50%\">\n<h2 class=\"has-neve-text-color-color has-text-color wp-block-heading\">Ich bin&#8230;<\/h2>\n\n\n\n<p class=\"has-nv-dark-bg-color has-text-color\">&#8230; Papa von einer superklassen Tochter. Gemeinsam mit Ina hab ich eine Imkerei. Wir unternehmen total viel gemeinsam und betreuen um die 600.000 Bienen. Wir haben unsere eigene Honigmarke (HYGGE HONEY) und experimentieren damit so viel es geht (Glitzerhonig, Erdbeerhonig, Himbeerhonig, Honig mit Schokolinsen,&#8230;). Wir sind viel drau\u00dfen, lesen aber auch gerne B\u00fccher und schreiben gerade eines von der Honigmaus und ihren Abenteuern. <\/p>\n\n\n\n<p class=\"has-nv-dark-bg-color has-text-color\">&#8230;unterhaltsam, gesellig und hab immer ein offenes Ohr. Wenns Probleme gibt, habe ich schnell eine Idee daraus was cooles zu machen. Wer den Kopf in den Sand steckt sieht nicht viel. Die Sonne und die Sterne sind oben. Also Kopf hoch und weitermachen. Fehler sind cool, dann wei\u00df man wenigstens was man nicht will und ist schneller bei dem was man will. Es kommt immer drauf an wie man die Dinge sieht ;-).<\/p>\n<\/div>\n<\/div>\n\n\n\n<div style=\"height:40px\" aria-hidden=\"true\" class=\"wp-block-spacer\"><\/div>\n<\/div><\/div>\n<\/div><\/div>\n\n\n\n<div class=\"wp-block-cover alignfull\" style=\"min-height:600px;aspect-ratio:unset;\"><span aria-hidden=\"true\" class=\"wp-block-cover__background has-nv-dark-bg-background-color has-background-dim-100 has-background-dim\"><\/span><div class=\"wp-block-cover__inner-container is-layout-flow wp-block-cover-is-layout-flow\">\n<div class=\"wp-block-group\"><div class=\"wp-block-group__inner-container is-layout-flow wp-block-group-is-layout-flow\">\n<div style=\"height:80px\" aria-hidden=\"true\" class=\"wp-block-spacer\"><\/div>\n\n\n\n<div class=\"wp-block-columns are-vertically-aligned-center is-layout-flex wp-container-core-columns-is-layout-9d6595d7 wp-block-columns-is-layout-flex\">\n<div class=\"wp-block-column is-vertically-aligned-center is-layout-flow wp-block-column-is-layout-flow\" style=\"flex-basis:50%\">\n<h2 class=\"has-nv-text-dark-bg-color has-text-color wp-block-heading\">Ich habe in meinem Leben schon sehr viel erlebt&#8230;<\/h2>\n\n\n\n<p class=\"has-nv-dark-bg-color has-text-color\"><\/p>\n\n\n\n<p>&#8230;Alles was passiert ist, hat mich immer weitergebracht, jede T\u00fcre die zugegangen ist, hat eine neue ge\u00f6ffnet. Alles was mein Leben bestimmt hat, hatte einen Nutzen, auch wenn das nicht immer gleich ersichtlich war. Daher habe ich gelernt, Dinge realistisch zu sehen und immer das Positive hervorzuheben und mir zu Nutze zu machen. Ich habe gelernt, dass alles was ich mir vorgestellt habe, immer irgendwie in Erf\u00fcllung gegangen ist. Die positiven Dinge, aber auch die vermeintlich negativen. Das, was Ich mir gedanklich ausgemalt habe, ist immer passiert.<\/p>\n\n\n\n<p>Daher begann ich mich mit Mentaltraining zu besch\u00e4ftigen, um die Macht und die Kraft der Gedanken und der inneren Einstellung gezielt zu n\u00fctzen. Und es war eine gute Entscheidung, denn positives Denken zieht Positives an!<\/p>\n\n\n\n<p class=\"has-nv-dark-bg-color has-text-color\">Daher begann ich mich mit Mentaltraining zu besch\u00e4ftigen, um die Macht und die Kraft der Gedanken und der inneren Einstellung gezielt zu n\u00fctzen. Und es war eine gute Entscheidung, denn positives Denken zieht Positives an!<\/p>\n\n\n\n<div style=\"height:20px\" aria-hidden=\"true\" class=\"wp-block-spacer\"><\/div>\n<\/div>\n\n\n\n<div class=\"wp-block-column is-vertically-aligned-center is-layout-flow wp-block-column-is-layout-flow\" style=\"flex-basis:50%\">\n<figure class=\"wp-block-image size-large\"><img loading=\"lazy\" decoding=\"async\" width=\"879\" height=\"1024\" src=\"https:\/\/www.einfach-losgehen.at\/wp-content\/uploads\/2023\/03\/83E3FE28-4766-4C7A-A6FD-1DAB81F72DA2_1_201_a-879x1024.jpeg\" alt=\"\" class=\"wp-image-80\" srcset=\"https:\/\/www.einfach-losgehen.at\/wp-content\/uploads\/2023\/03\/83E3FE28-4766-4C7A-A6FD-1DAB81F72DA2_1_201_a-879x1024.jpeg 879w, https:\/\/www.einfach-losgehen.at\/wp-content\/uploads\/2023\/03\/83E3FE28-4766-4C7A-A6FD-1DAB81F72DA2_1_201_a-257x300.jpeg 257w, https:\/\/www.einfach-losgehen.at\/wp-content\/uploads\/2023\/03\/83E3FE28-4766-4C7A-A6FD-1DAB81F72DA2_1_201_a-768x895.jpeg 768w, https:\/\/www.einfach-losgehen.at\/wp-content\/uploads\/2023\/03\/83E3FE28-4766-4C7A-A6FD-1DAB81F72DA2_1_201_a.jpeg 1265w\" sizes=\"auto, (max-width: 879px) 100vw, 879px\" \/><\/figure>\n<\/div>\n<\/div>\n\n\n\n<div style=\"height:40px\" aria-hidden=\"true\" class=\"wp-block-spacer\"><\/div>\n<\/div><\/div>\n<\/div><\/div>\n\n\n\n<div class=\"wp-block-cover alignfull\" style=\"min-height:420px;aspect-ratio:unset;\"><span aria-hidden=\"true\" class=\"wp-block-cover__background has-nv-site-bg-background-color has-background-dim-100 has-background-dim\"><\/span><div class=\"wp-block-cover__inner-container is-layout-flow wp-block-cover-is-layout-flow\">\n<div style=\"height:80px\" aria-hidden=\"true\" class=\"wp-block-spacer\"><\/div>\n\n\n\n<div class=\"wp-block-columns is-layout-flex wp-container-core-columns-is-layout-9d6595d7 wp-block-columns-is-layout-flex\">\n<div class=\"wp-block-column ticss-4ce656f1 is-layout-flow wp-block-column-is-layout-flow\">\n<figure class=\"wp-block-image is-resized icon-style is-style-rounded\"><img loading=\"lazy\" decoding=\"async\" src=\"https:\/\/www.einfach-losgehen.at\/wp-content\/themes\/neve\/assets\/img\/starter-content\/icon-03.svg\" alt=\"\" width=\"48\" height=\"48\"\/><\/figure>\n\n\n\n<h3 class=\"has-text-align-left has-text-align-center has-neve-text-color-color has-text-color wp-block-heading\">Ausbildung<\/h3>\n\n\n\n<p class=\"has-text-align-left has-neve-text-color-color has-text-color\" style=\"font-size:15px\">Studium der angewandten Betriebswirtschaftslehre an der Wirtschaftsuniversit\u00e4t Wien und Alpe Adria Universit\u00e4t Klagenfurt mit den Schwerpunkten Marketing, \u00f6ffentliche Betriebswirtschaftslehre und Innovation und Unternehmensgr\u00fcndung<br><br>Diplomierter Mentaltrainer<\/p>\n\n\n\n<p><\/p>\n\n\n\n<div style=\"height:20px\" aria-hidden=\"true\" class=\"wp-block-spacer\"><\/div>\n<\/div>\n\n\n\n<div class=\"wp-block-column ticss-f6fc7494 is-layout-flow wp-block-column-is-layout-flow\">\n<figure class=\"wp-block-image is-resized icon-style is-style-rounded\"><img loading=\"lazy\" decoding=\"async\" src=\"https:\/\/www.einfach-losgehen.at\/wp-content\/themes\/neve\/assets\/img\/starter-content\/icon-03.svg\" alt=\"\" width=\"48\" height=\"48\"\/><\/figure>\n\n\n\n<h3 class=\"has-text-align-left has-text-align-center has-neve-text-color-color has-text-color wp-block-heading\">Berufliche Stationen<\/h3>\n\n\n\n<p class=\"has-text-align-left has-neve-text-color-color has-text-color\" style=\"font-size:15px\">Teamleiter Indirektvertrieb T-Mobile Austria GmbH<br>Qualit\u00e4tsmanagement HYPO Alpe Adria Bank<br>Consultant Commaro Mobile Trading Systems<br>Projektmanagement Entwicklungsagentur K\u00e4rnten<br>Marketingleitung Sage Software \u00d6sterreich<br>General Manager Eishockeyclub VSV GmbH<br>Gesch\u00e4ftsf\u00fchrung VSV Marketing &amp; Merchandising<br>Projektmanagement f\u00fcr kelmin im Kelag Konzern<br>Teamleitung Corporate Communication Fundermax<\/p>\n\n\n\n<p><\/p>\n\n\n\n<p><\/p>\n\n\n\n<div style=\"height:20px\" aria-hidden=\"true\" class=\"wp-block-spacer\"><\/div>\n<\/div>\n\n\n\n<div class=\"wp-block-column ticss-a5b4df29 is-layout-flow wp-block-column-is-layout-flow\">\n<figure class=\"wp-block-image is-resized icon-style is-style-rounded\"><img loading=\"lazy\" decoding=\"async\" src=\"https:\/\/www.einfach-losgehen.at\/wp-content\/themes\/neve\/assets\/img\/starter-content\/icon-03.svg\" alt=\"\" width=\"48\" height=\"48\"\/><\/figure>\n\n\n\n<h3 class=\"has-text-align-left has-text-align-center has-neve-text-color-color has-text-color wp-block-heading\">Noch zu erledigen<\/h3>\n\n\n\n<p class=\"has-text-align-left has-neve-text-color-color has-text-color\" style=\"font-size:15px\">Tanzen \ud83d\ude42<br>u.v.m.<\/p>\n\n\n\n<p><\/p>\n\n\n\n<div style=\"height:20px\" aria-hidden=\"true\" class=\"wp-block-spacer\"><\/div>\n<\/div>\n<\/div>\n\n\n\n<div style=\"height:30px\" aria-hidden=\"true\" class=\"wp-block-spacer\"><\/div>\n<\/div><\/div>\n\n\n\n<div class=\"wp-block-cover alignfull\" style=\"min-height:600px;aspect-ratio:unset;\"><span aria-hidden=\"true\" class=\"wp-block-cover__background has-nv-light-bg-background-color has-background-dim-100 has-background-dim\"><\/span><div class=\"wp-block-cover__inner-container is-layout-flow wp-block-cover-is-layout-flow\">\n<div class=\"wp-block-group\"><div class=\"wp-block-group__inner-container is-layout-flow wp-block-group-is-layout-flow\">\n<div style=\"height:80px\" aria-hidden=\"true\" class=\"wp-block-spacer\"><\/div>\n\n\n\n<div class=\"wp-block-columns is-layout-flex wp-container-core-columns-is-layout-9d6595d7 wp-block-columns-is-layout-flex\">\n<div class=\"wp-block-column is-layout-flow wp-block-column-is-layout-flow\"><div class=\"wp-block-image is-style-default\">\n<figure class=\"aligncenter size-full\"><img loading=\"lazy\" decoding=\"async\" width=\"400\" height=\"400\" src=\"https:\/\/www.einfach-losgehen.at\/wp-content\/uploads\/2023\/03\/D8AF2504-C26D-45D8-8967-1A77587D9D7D_1_201_a-e1678871108641.jpeg\" alt=\"\" class=\"wp-image-90\" srcset=\"https:\/\/www.einfach-losgehen.at\/wp-content\/uploads\/2023\/03\/D8AF2504-C26D-45D8-8967-1A77587D9D7D_1_201_a-e1678871108641.jpeg 400w, https:\/\/www.einfach-losgehen.at\/wp-content\/uploads\/2023\/03\/D8AF2504-C26D-45D8-8967-1A77587D9D7D_1_201_a-e1678871108641-300x300.jpeg 300w, https:\/\/www.einfach-losgehen.at\/wp-content\/uploads\/2023\/03\/D8AF2504-C26D-45D8-8967-1A77587D9D7D_1_201_a-e1678871108641-150x150.jpeg 150w\" sizes=\"auto, (max-width: 400px) 100vw, 400px\" \/><\/figure>\n<\/div>\n\n\n<div style=\"height:40px\" aria-hidden=\"true\" class=\"wp-block-spacer\"><\/div>\n<\/div>\n\n\n\n<div class=\"wp-block-column is-layout-flow wp-block-column-is-layout-flow\"><div class=\"wp-block-image is-style-default\">\n<figure class=\"aligncenter size-full\"><img loading=\"lazy\" decoding=\"async\" width=\"399\" height=\"399\" src=\"https:\/\/www.einfach-losgehen.at\/wp-content\/uploads\/2023\/03\/AEE8A70D-51BD-4B46-8E4C-8B1A9715D24E_1_105_c-e1678871274865.jpeg\" alt=\"\" class=\"wp-image-92\" srcset=\"https:\/\/www.einfach-losgehen.at\/wp-content\/uploads\/2023\/03\/AEE8A70D-51BD-4B46-8E4C-8B1A9715D24E_1_105_c-e1678871274865.jpeg 399w, https:\/\/www.einfach-losgehen.at\/wp-content\/uploads\/2023\/03\/AEE8A70D-51BD-4B46-8E4C-8B1A9715D24E_1_105_c-e1678871274865-300x300.jpeg 300w, https:\/\/www.einfach-losgehen.at\/wp-content\/uploads\/2023\/03\/AEE8A70D-51BD-4B46-8E4C-8B1A9715D24E_1_105_c-e1678871274865-150x150.jpeg 150w\" sizes=\"auto, (max-width: 399px) 100vw, 399px\" \/><\/figure>\n<\/div>\n\n\n<div style=\"height:40px\" aria-hidden=\"true\" class=\"wp-block-spacer\"><\/div>\n<\/div>\n\n\n\n<div class=\"wp-block-column is-layout-flow wp-block-column-is-layout-flow\"><div class=\"wp-block-image is-style-default\">\n<figure class=\"aligncenter size-full\"><img loading=\"lazy\" decoding=\"async\" width=\"399\" height=\"399\" src=\"https:\/\/www.einfach-losgehen.at\/wp-content\/uploads\/2023\/03\/F72CE4BD-2EAB-4403-AA8F-D14084DDBDCC_1_105_c-e1678871419781.jpeg\" alt=\"\" class=\"wp-image-93\" srcset=\"https:\/\/www.einfach-losgehen.at\/wp-content\/uploads\/2023\/03\/F72CE4BD-2EAB-4403-AA8F-D14084DDBDCC_1_105_c-e1678871419781.jpeg 399w, https:\/\/www.einfach-losgehen.at\/wp-content\/uploads\/2023\/03\/F72CE4BD-2EAB-4403-AA8F-D14084DDBDCC_1_105_c-e1678871419781-300x300.jpeg 300w, https:\/\/www.einfach-losgehen.at\/wp-content\/uploads\/2023\/03\/F72CE4BD-2EAB-4403-AA8F-D14084DDBDCC_1_105_c-e1678871419781-150x150.jpeg 150w\" sizes=\"auto, (max-width: 399px) 100vw, 399px\" \/><\/figure>\n<\/div>\n\n\n<div style=\"height:40px\" aria-hidden=\"true\" class=\"wp-block-spacer\"><\/div>\n<\/div>\n<\/div>\n\n\n\n<div class=\"wp-block-cover alignfull\" style=\"min-height:300px;aspect-ratio:unset;\"><span aria-hidden=\"true\" class=\"wp-block-cover__background has-nv-dark-bg-background-color has-background-dim-100 has-background-dim\"><\/span><div class=\"wp-block-cover__inner-container is-layout-flow wp-block-cover-is-layout-flow\">\n<h2 class=\"has-text-align-center has-nv-text-dark-bg-color has-text-color wp-block-heading\">Der eine fragt sich, was die Zukunft wohl bringt, der andere gestaltet sie einfach selbst!<\/h2>\n\n\n\n<p class=\"has-text-align-center has-medium-font-size\">Einfach losgehen!<\/p>\n\n\n\n<div class=\"wp-block-buttons is-content-justification-center is-layout-flex wp-container-core-buttons-is-layout-16018d1d wp-block-buttons-is-layout-flex\">\n<div class=\"wp-block-button is-style-primary\"><a class=\"wp-block-button__link wp-element-button\" href=\"https:\/\/www.einfach-losgehen.at\/?page_id=39\">KONTAKT<\/a><\/div>\n<\/div>\n\n\n\n<div style=\"height:80px\" aria-hidden=\"true\" class=\"wp-block-spacer\"><\/div>\n<\/div><\/div>\n<\/div><\/div>\n<\/div><\/div>\n","protected":false},"excerpt":{"rendered":"","protected":false},"author":1,"featured_media":0,"parent":0,"menu_order":0,"comment_status":"closed","ping_status":"closed","template":"","meta":{"neve_meta_sidebar":"","neve_meta_container":"","neve_meta_enable_content_width":"on","neve_meta_content_width":100,"neve_meta_title_alignment":"","neve_meta_author_avatar":"","neve_post_elements_order":"","neve_meta_disable_header":"","neve_meta_disable_footer":"","neve_meta_disable_title":"on","_ti_tpc_template_sync":false,"_ti_tpc_template_id":"","footnotes":""},"class_list":["post-38","page","type-page","status-publish","hentry"],"_links":{"self":[{"href":"https:\/\/www.einfach-losgehen.at\/index.php?rest_route=\/wp\/v2\/pages\/38","targetHints":{"allow":["GET"]}}],"collection":[{"href":"https:\/\/www.einfach-losgehen.at\/index.php?rest_route=\/wp\/v2\/pages"}],"about":[{"href":"https:\/\/www.einfach-losgehen.at\/index.php?rest_route=\/wp\/v2\/types\/page"}],"author":[{"embeddable":true,"href":"https:\/\/www.einfach-losgehen.at\/index.php?rest_route=\/wp\/v2\/users\/1"}],"replies":[{"embeddable":true,"href":"https:\/\/www.einfach-losgehen.at\/index.php?rest_route=%2Fwp%2Fv2%2Fcomments&post=38"}],"version-history":[{"count":12,"href":"https:\/\/www.einfach-losgehen.at\/index.php?rest_route=\/wp\/v2\/pages\/38\/revisions"}],"predecessor-version":[{"id":177,"href":"https:\/\/www.einfach-losgehen.at\/index.php?rest_route=\/wp\/v2\/pages\/38\/revisions\/177"}],"wp:attachment":[{"href":"https:\/\/www.einfach-losgehen.at\/index.php?rest_route=%2Fwp%2Fv2%2Fmedia&parent=38"}],"curies":[{"name":"wp","href":"https:\/\/api.w.org\/{rel}","templated":true}]}}